{"id":17,"date":"2024-03-12T03:06:27","date_gmt":"2024-03-12T03:06:27","guid":{"rendered":"http:\/\/demos.famethemes.com\/onepress\/?page_id=17"},"modified":"2024-03-12T03:06:57","modified_gmt":"2024-03-12T03:06:57","slug":"envitic-historia","status":"publish","type":"page","link":"https:\/\/envitic.pl\/index.php\/envitic-historia\/","title":{"rendered":"Nasza Historia"},"content":{"rendered":"<p>Jako grupa znajomych sobie specjalist\u00f3w z dziedzin nauk przyrodniczych, nauk o \u015brodowisku, GIS, IT, web software development oraz gospodarowania odpadami, we wzajemnym porozumieniu podj\u0119li\u015bmy decyzj\u0119, by dzia\u0142a\u0107 wsp\u00f3lnie &#8211; pod jednym szyldem.<\/p>\n<p>Bie\u017c\u0105ca koniunktura i realia rynkowe przekona\u0142y nas o istnieniu na rynku niszy wymagaj\u0105cej wype\u0142nienia przez specjalistyczne us\u0142ugi, b\u0119d\u0105ce owocem po\u0142\u0105czenia naszych umiej\u0119tno\u015bci i wymiany do\u015bwiadcze\u0144.<\/p>\n<p>Tak powsta\u0142o Envitic &#8211; ca\u0142kowicie nowa jako\u015b\u0107 w bran\u017cy \u015brodowiskowej!<\/p>\n","protected":false},"excerpt":{"rendered":"<p>Jako grupa znajomych sobie specjalist\u00f3w z dziedzin nauk przyrodniczych, nauk o \u015brodowisku, GIS, IT, web software development oraz gospodarowania odpadami, we wzajemnym porozumieniu podj\u0119li\u015bmy decyzj\u0119, by dzia\u0142a\u0107 wsp\u00f3lnie &#8211; pod jednym szyldem.<\/p>\n","protected":false},"author":2,"featured_media":1443,"parent":0,"menu_order":0,"comment_status":"closed","ping_status":"closed","template":"template-fullwidth.php","meta":{"footnotes":""},"yoast_head":"<!-- This site is optimized with the Yoast SEO plugin v22.2 - https:\/\/yoast.com\/wordpress\/plugins\/seo\/ -->\n<title>Nasza Historia - ENVITIC - \u015brodowisko | OO\u015a | przyroda | GIS | odpady<\/title>\n<meta name=\"robots\" content=\"index, follow, max-snippet:-1, max-image-preview:large, max-video-preview:-1\" \/>\n<link rel=\"canonical\" href=\"https:\/\/envitic.pl\/index.php\/envitic-historia\/\" \/>\n<meta property=\"og:locale\" content=\"pl_PL\" \/>\n<meta property=\"og:type\" content=\"article\" \/>\n<meta property=\"og:title\" content=\"Nasza Historia - ENVITIC - \u015brodowisko | OO\u015a | przyroda | GIS | odpady\" \/>\n<meta property=\"og:description\" content=\"Jako grupa znajomych sobie specjalist\u00f3w z dziedzin nauk przyrodniczych, nauk o \u015brodowisku, GIS, IT, web software development oraz gospodarowania odpadami, we wzajemnym porozumieniu podj\u0119li\u015bmy decyzj\u0119, by dzia\u0142a\u0107 wsp\u00f3lnie - pod jednym szyldem.\" \/>\n<meta property=\"og:url\" content=\"https:\/\/envitic.pl\/index.php\/envitic-historia\/\" \/>\n<meta property=\"og:site_name\" content=\"ENVITIC - \u015brodowisko | OO\u015a | przyroda | GIS | odpady\" \/>\n<meta property=\"article:modified_time\" content=\"2024-03-12T03:06:57+00:00\" \/>\n<meta property=\"og:image\" content=\"https:\/\/envitic.pl\/wp-content\/uploads\/2024\/03\/envitic_pastwiska.png\" \/>\n\t<meta property=\"og:image:width\" content=\"1080\" \/>\n\t<meta property=\"og:image:height\" content=\"810\" \/>\n\t<meta property=\"og:image:type\" content=\"image\/png\" \/>\n<meta name=\"twitter:card\" content=\"summary_large_image\" \/>\n<meta name=\"twitter:label1\" content=\"Szacowany czas czytania\" \/>\n\t<meta name=\"twitter:data1\" content=\"1 minuta\" \/>\n<script type=\"application\/ld+json\" class=\"yoast-schema-graph\">{\"@context\":\"https:\/\/schema.org\",\"@graph\":[{\"@type\":\"WebPage\",\"@id\":\"https:\/\/envitic.pl\/index.php\/envitic-historia\/\",\"url\":\"https:\/\/envitic.pl\/index.php\/envitic-historia\/\",\"name\":\"Nasza Historia - ENVITIC - \u015brodowisko | OO\u015a | przyroda | GIS | odpady\",\"isPartOf\":{\"@id\":\"https:\/\/envitic.pl\/#website\"},\"primaryImageOfPage\":{\"@id\":\"https:\/\/envitic.pl\/index.php\/envitic-historia\/#primaryimage\"},\"image\":{\"@id\":\"https:\/\/envitic.pl\/index.php\/envitic-historia\/#primaryimage\"},\"thumbnailUrl\":\"https:\/\/envitic.pl\/wp-content\/uploads\/2024\/03\/envitic_pastwiska.png\",\"datePublished\":\"2024-03-12T03:06:27+00:00\",\"dateModified\":\"2024-03-12T03:06:57+00:00\",\"breadcrumb\":{\"@id\":\"https:\/\/envitic.pl\/index.php\/envitic-historia\/#breadcrumb\"},\"inLanguage\":\"pl-PL\",\"potentialAction\":[{\"@type\":\"ReadAction\",\"target\":[\"https:\/\/envitic.pl\/index.php\/envitic-historia\/\"]}]},{\"@type\":\"ImageObject\",\"inLanguage\":\"pl-PL\",\"@id\":\"https:\/\/envitic.pl\/index.php\/envitic-historia\/#primaryimage\",\"url\":\"https:\/\/envitic.pl\/wp-content\/uploads\/2024\/03\/envitic_pastwiska.png\",\"contentUrl\":\"https:\/\/envitic.pl\/wp-content\/uploads\/2024\/03\/envitic_pastwiska.png\",\"width\":1080,\"height\":810},{\"@type\":\"BreadcrumbList\",\"@id\":\"https:\/\/envitic.pl\/index.php\/envitic-historia\/#breadcrumb\",\"itemListElement\":[{\"@type\":\"ListItem\",\"position\":1,\"name\":\"Strona g\u0142\u00f3wna\",\"item\":\"https:\/\/envitic.pl\/\"},{\"@type\":\"ListItem\",\"position\":2,\"name\":\"Nasza Historia\"}]},{\"@type\":\"WebSite\",\"@id\":\"https:\/\/envitic.pl\/#website\",\"url\":\"https:\/\/envitic.pl\/\",\"name\":\"envitic.pl\",\"description\":\"Envitic Sp. z o.o. - kompleksowe us\u0142ugi w zakresie ochrony \u015brodowiska, przyrody, ocen oddzia\u0142ywania na \u015brodowisko, geoinformacji i doradztwa w zakresie gospodarowania odpadami oraz system&oacute;w ISO 14001, ISO 9001, ISO 45001.\",\"publisher\":{\"@id\":\"https:\/\/envitic.pl\/#organization\"},\"potentialAction\":[{\"@type\":\"SearchAction\",\"target\":{\"@type\":\"EntryPoint\",\"urlTemplate\":\"https:\/\/envitic.pl\/?s={search_term_string}\"},\"query-input\":\"required name=search_term_string\"}],\"inLanguage\":\"pl-PL\"},{\"@type\":\"Organization\",\"@id\":\"https:\/\/envitic.pl\/#organization\",\"name\":\"Envitic Sp. z o.o.\",\"url\":\"https:\/\/envitic.pl\/\",\"logo\":{\"@type\":\"ImageObject\",\"inLanguage\":\"pl-PL\",\"@id\":\"https:\/\/envitic.pl\/#\/schema\/logo\/image\/\",\"url\":\"https:\/\/envitic.pl\/wp-content\/uploads\/2024\/03\/logo_envitic_120pxh-e1710182982151.png\",\"contentUrl\":\"https:\/\/envitic.pl\/wp-content\/uploads\/2024\/03\/logo_envitic_120pxh-e1710182982151.png\",\"width\":242,\"height\":77,\"caption\":\"Envitic Sp. z o.o.\"},\"image\":{\"@id\":\"https:\/\/envitic.pl\/#\/schema\/logo\/image\/\"},\"sameAs\":[\"https:\/\/www.linkedin.com\/company\/envitic-spzoo\/\"]}]}<\/script>\n<!-- \/ Yoast SEO plugin. -->","yoast_head_json":{"title":"Nasza Historia - ENVITIC - \u015brodowisko | OO\u015a | przyroda | GIS | odpady","robots":{"index":"index","follow":"follow","max-snippet":"max-snippet:-1","max-image-preview":"max-image-preview:large","max-video-preview":"max-video-preview:-1"},"canonical":"https:\/\/envitic.pl\/index.php\/envitic-historia\/","og_locale":"pl_PL","og_type":"article","og_title":"Nasza Historia - ENVITIC - \u015brodowisko | OO\u015a | przyroda | GIS | odpady","og_description":"Jako grupa znajomych sobie specjalist\u00f3w z dziedzin nauk przyrodniczych, nauk o \u015brodowisku, GIS, IT, web software development oraz gospodarowania odpadami, we wzajemnym porozumieniu podj\u0119li\u015bmy decyzj\u0119, by dzia\u0142a\u0107 wsp\u00f3lnie - pod jednym szyldem.","og_url":"https:\/\/envitic.pl\/index.php\/envitic-historia\/","og_site_name":"ENVITIC - \u015brodowisko | OO\u015a | przyroda | GIS | odpady","article_modified_time":"2024-03-12T03:06:57+00:00","og_image":[{"width":1080,"height":810,"url":"https:\/\/envitic.pl\/wp-content\/uploads\/2024\/03\/envitic_pastwiska.png","type":"image\/png"}],"twitter_card":"summary_large_image","twitter_misc":{"Szacowany czas czytania":"1 minuta"},"schema":{"@context":"https:\/\/schema.org","@graph":[{"@type":"WebPage","@id":"https:\/\/envitic.pl\/index.php\/envitic-historia\/","url":"https:\/\/envitic.pl\/index.php\/envitic-historia\/","name":"Nasza Historia - ENVITIC - \u015brodowisko | OO\u015a | przyroda | GIS | odpady","isPartOf":{"@id":"https:\/\/envitic.pl\/#website"},"primaryImageOfPage":{"@id":"https:\/\/envitic.pl\/index.php\/envitic-historia\/#primaryimage"},"image":{"@id":"https:\/\/envitic.pl\/index.php\/envitic-historia\/#primaryimage"},"thumbnailUrl":"https:\/\/envitic.pl\/wp-content\/uploads\/2024\/03\/envitic_pastwiska.png","datePublished":"2024-03-12T03:06:27+00:00","dateModified":"2024-03-12T03:06:57+00:00","breadcrumb":{"@id":"https:\/\/envitic.pl\/index.php\/envitic-historia\/#breadcrumb"},"inLanguage":"pl-PL","potentialAction":[{"@type":"ReadAction","target":["https:\/\/envitic.pl\/index.php\/envitic-historia\/"]}]},{"@type":"ImageObject","inLanguage":"pl-PL","@id":"https:\/\/envitic.pl\/index.php\/envitic-historia\/#primaryimage","url":"https:\/\/envitic.pl\/wp-content\/uploads\/2024\/03\/envitic_pastwiska.png","contentUrl":"https:\/\/envitic.pl\/wp-content\/uploads\/2024\/03\/envitic_pastwiska.png","width":1080,"height":810},{"@type":"BreadcrumbList","@id":"https:\/\/envitic.pl\/index.php\/envitic-historia\/#breadcrumb","itemListElement":[{"@type":"ListItem","position":1,"name":"Strona g\u0142\u00f3wna","item":"https:\/\/envitic.pl\/"},{"@type":"ListItem","position":2,"name":"Nasza Historia"}]},{"@type":"WebSite","@id":"https:\/\/envitic.pl\/#website","url":"https:\/\/envitic.pl\/","name":"envitic.pl","description":"Envitic Sp. z o.o. - kompleksowe us\u0142ugi w zakresie ochrony \u015brodowiska, przyrody, ocen oddzia\u0142ywania na \u015brodowisko, geoinformacji i doradztwa w zakresie gospodarowania odpadami oraz system&oacute;w ISO 14001, ISO 9001, ISO 45001.","publisher":{"@id":"https:\/\/envitic.pl\/#organization"},"potentialAction":[{"@type":"SearchAction","target":{"@type":"EntryPoint","urlTemplate":"https:\/\/envitic.pl\/?s={search_term_string}"},"query-input":"required name=search_term_string"}],"inLanguage":"pl-PL"},{"@type":"Organization","@id":"https:\/\/envitic.pl\/#organization","name":"Envitic Sp. z o.o.","url":"https:\/\/envitic.pl\/","logo":{"@type":"ImageObject","inLanguage":"pl-PL","@id":"https:\/\/envitic.pl\/#\/schema\/logo\/image\/","url":"https:\/\/envitic.pl\/wp-content\/uploads\/2024\/03\/logo_envitic_120pxh-e1710182982151.png","contentUrl":"https:\/\/envitic.pl\/wp-content\/uploads\/2024\/03\/logo_envitic_120pxh-e1710182982151.png","width":242,"height":77,"caption":"Envitic Sp. z o.o."},"image":{"@id":"https:\/\/envitic.pl\/#\/schema\/logo\/image\/"},"sameAs":["https:\/\/www.linkedin.com\/company\/envitic-spzoo\/"]}]}},"_links":{"self":[{"href":"https:\/\/envitic.pl\/index.php\/wp-json\/wp\/v2\/pages\/17"}],"collection":[{"href":"https:\/\/envitic.pl\/index.php\/wp-json\/wp\/v2\/pages"}],"about":[{"href":"https:\/\/envitic.pl\/index.php\/wp-json\/wp\/v2\/types\/page"}],"author":[{"embeddable":true,"href":"https:\/\/envitic.pl\/index.php\/wp-json\/wp\/v2\/users\/2"}],"replies":[{"embeddable":true,"href":"https:\/\/envitic.pl\/index.php\/wp-json\/wp\/v2\/comments?post=17"}],"version-history":[{"count":2,"href":"https:\/\/envitic.pl\/index.php\/wp-json\/wp\/v2\/pages\/17\/revisions"}],"predecessor-version":[{"id":1531,"href":"https:\/\/envitic.pl\/index.php\/wp-json\/wp\/v2\/pages\/17\/revisions\/1531"}],"wp:featuredmedia":[{"embeddable":true,"href":"https:\/\/envitic.pl\/index.php\/wp-json\/wp\/v2\/media\/1443"}],"wp:attachment":[{"href":"https:\/\/envitic.pl\/index.php\/wp-json\/wp\/v2\/media?parent=17"}],"curies":[{"name":"wp","href":"https:\/\/api.w.org\/{rel}","templated":true}]}}