{"id":22,"date":"2024-03-12T03:14:46","date_gmt":"2024-03-12T03:14:46","guid":{"rendered":"http:\/\/demos.famethemes.com\/onepress\/?page_id=22"},"modified":"2024-03-12T03:14:47","modified_gmt":"2024-03-12T03:14:47","slug":"envitic-wizja","status":"publish","type":"page","link":"https:\/\/envitic.pl\/index.php\/envitic-wizja\/","title":{"rendered":"Nasza wizja"},"content":{"rendered":"<p>Pok\u0142adamy nadziej\u0119, \u017ce przygotowanie merytoryczne w dziedzinach specjalistycznych zwi\u0105zanych ze \u015brodowiskiem, a tak\u017ce dobra organizacja naszej pracy, jak r\u00f3wnie\u017c wykorzystanie nowoczesnych narz\u0119dzi IT i GIS wspieraj\u0105cych, u\u0142atwiaj\u0105cych i przyspieszaj\u0105cych nasz\u0105 prac\u0119, stanowi\u0107 b\u0119d\u0105 fundament naszego sukcesu oraz gwarancj\u0119 zadowolenia klient\u00f3w.<\/p>\n<p>W tym widzimy nasz\u0105 drog\u0119 do sukcesu!<\/p>\n","protected":false},"excerpt":{"rendered":"<p>Pok\u0142adamy nadziej\u0119, \u017ce przygotowanie merytoryczne w dziedzinach specjalistycznych zwi\u0105zanych ze \u015brodowiskiem, a tak\u017ce dobra organizacja naszej pracy, jak r\u00f3wnie\u017c wykorzystanie nowoczesnych narz\u0119dzi IT i GIS wspieraj\u0105cych, u\u0142atwiaj\u0105cych i przyspieszaj\u0105cych nasz\u0105 prac\u0119, stanowi\u0107 b\u0119d\u0105 fundament naszego sukcesu oraz gwarancj\u0119 zadowolenia klient\u00f3w.<\/p>\n","protected":false},"author":2,"featured_media":1441,"parent":0,"menu_order":0,"comment_status":"closed","ping_status":"closed","template":"template-fullwidth.php","meta":{"footnotes":""},"yoast_head":"<!-- This site is optimized with the Yoast SEO plugin v22.2 - https:\/\/yoast.com\/wordpress\/plugins\/seo\/ -->\n<title>Nasza wizja - ENVITIC - \u015brodowisko | OO\u015a | przyroda | GIS | odpady<\/title>\n<meta name=\"robots\" content=\"index, follow, max-snippet:-1, max-image-preview:large, max-video-preview:-1\" \/>\n<link rel=\"canonical\" href=\"https:\/\/envitic.pl\/index.php\/envitic-wizja\/\" \/>\n<meta property=\"og:locale\" content=\"pl_PL\" \/>\n<meta property=\"og:type\" content=\"article\" \/>\n<meta property=\"og:title\" content=\"Nasza wizja - ENVITIC - \u015brodowisko | OO\u015a | przyroda | GIS | odpady\" \/>\n<meta property=\"og:description\" content=\"Pok\u0142adamy nadziej\u0119, \u017ce przygotowanie merytoryczne w dziedzinach specjalistycznych zwi\u0105zanych ze \u015brodowiskiem, a tak\u017ce dobra organizacja naszej pracy, jak r\u00f3wnie\u017c wykorzystanie nowoczesnych narz\u0119dzi IT i GIS wspieraj\u0105cych, u\u0142atwiaj\u0105cych i przyspieszaj\u0105cych nasz\u0105 prac\u0119, stanowi\u0107 b\u0119d\u0105 fundament naszego sukcesu oraz gwarancj\u0119 zadowolenia klient\u00f3w.\" \/>\n<meta property=\"og:url\" content=\"https:\/\/envitic.pl\/index.php\/envitic-wizja\/\" \/>\n<meta property=\"og:site_name\" content=\"ENVITIC - \u015brodowisko | OO\u015a | przyroda | GIS | odpady\" \/>\n<meta property=\"article:modified_time\" content=\"2024-03-12T03:14:47+00:00\" \/>\n<meta property=\"og:image\" content=\"https:\/\/envitic.pl\/wp-content\/uploads\/2024\/03\/envitic_aleja.png\" \/>\n\t<meta property=\"og:image:width\" content=\"1080\" \/>\n\t<meta property=\"og:image:height\" content=\"810\" \/>\n\t<meta property=\"og:image:type\" content=\"image\/png\" \/>\n<meta name=\"twitter:card\" content=\"summary_large_image\" \/>\n<meta name=\"twitter:label1\" content=\"Szacowany czas czytania\" \/>\n\t<meta name=\"twitter:data1\" content=\"1 minuta\" \/>\n<script type=\"application\/ld+json\" class=\"yoast-schema-graph\">{\"@context\":\"https:\/\/schema.org\",\"@graph\":[{\"@type\":\"WebPage\",\"@id\":\"https:\/\/envitic.pl\/index.php\/envitic-wizja\/\",\"url\":\"https:\/\/envitic.pl\/index.php\/envitic-wizja\/\",\"name\":\"Nasza wizja - ENVITIC - \u015brodowisko | OO\u015a | przyroda | GIS | odpady\",\"isPartOf\":{\"@id\":\"https:\/\/envitic.pl\/#website\"},\"primaryImageOfPage\":{\"@id\":\"https:\/\/envitic.pl\/index.php\/envitic-wizja\/#primaryimage\"},\"image\":{\"@id\":\"https:\/\/envitic.pl\/index.php\/envitic-wizja\/#primaryimage\"},\"thumbnailUrl\":\"https:\/\/envitic.pl\/wp-content\/uploads\/2024\/03\/envitic_aleja.png\",\"datePublished\":\"2024-03-12T03:14:46+00:00\",\"dateModified\":\"2024-03-12T03:14:47+00:00\",\"breadcrumb\":{\"@id\":\"https:\/\/envitic.pl\/index.php\/envitic-wizja\/#breadcrumb\"},\"inLanguage\":\"pl-PL\",\"potentialAction\":[{\"@type\":\"ReadAction\",\"target\":[\"https:\/\/envitic.pl\/index.php\/envitic-wizja\/\"]}]},{\"@type\":\"ImageObject\",\"inLanguage\":\"pl-PL\",\"@id\":\"https:\/\/envitic.pl\/index.php\/envitic-wizja\/#primaryimage\",\"url\":\"https:\/\/envitic.pl\/wp-content\/uploads\/2024\/03\/envitic_aleja.png\",\"contentUrl\":\"https:\/\/envitic.pl\/wp-content\/uploads\/2024\/03\/envitic_aleja.png\",\"width\":1080,\"height\":810},{\"@type\":\"BreadcrumbList\",\"@id\":\"https:\/\/envitic.pl\/index.php\/envitic-wizja\/#breadcrumb\",\"itemListElement\":[{\"@type\":\"ListItem\",\"position\":1,\"name\":\"Strona g\u0142\u00f3wna\",\"item\":\"https:\/\/envitic.pl\/\"},{\"@type\":\"ListItem\",\"position\":2,\"name\":\"Nasza wizja\"}]},{\"@type\":\"WebSite\",\"@id\":\"https:\/\/envitic.pl\/#website\",\"url\":\"https:\/\/envitic.pl\/\",\"name\":\"envitic.pl\",\"description\":\"Envitic Sp. z o.o. - kompleksowe us\u0142ugi w zakresie ochrony \u015brodowiska, przyrody, ocen oddzia\u0142ywania na \u015brodowisko, geoinformacji i doradztwa w zakresie gospodarowania odpadami oraz system&oacute;w ISO 14001, ISO 9001, ISO 45001.\",\"publisher\":{\"@id\":\"https:\/\/envitic.pl\/#organization\"},\"potentialAction\":[{\"@type\":\"SearchAction\",\"target\":{\"@type\":\"EntryPoint\",\"urlTemplate\":\"https:\/\/envitic.pl\/?s={search_term_string}\"},\"query-input\":\"required name=search_term_string\"}],\"inLanguage\":\"pl-PL\"},{\"@type\":\"Organization\",\"@id\":\"https:\/\/envitic.pl\/#organization\",\"name\":\"Envitic Sp. z o.o.\",\"url\":\"https:\/\/envitic.pl\/\",\"logo\":{\"@type\":\"ImageObject\",\"inLanguage\":\"pl-PL\",\"@id\":\"https:\/\/envitic.pl\/#\/schema\/logo\/image\/\",\"url\":\"https:\/\/envitic.pl\/wp-content\/uploads\/2024\/03\/logo_envitic_120pxh-e1710182982151.png\",\"contentUrl\":\"https:\/\/envitic.pl\/wp-content\/uploads\/2024\/03\/logo_envitic_120pxh-e1710182982151.png\",\"width\":242,\"height\":77,\"caption\":\"Envitic Sp. z o.o.\"},\"image\":{\"@id\":\"https:\/\/envitic.pl\/#\/schema\/logo\/image\/\"},\"sameAs\":[\"https:\/\/www.linkedin.com\/company\/envitic-spzoo\/\"]}]}<\/script>\n<!-- \/ Yoast SEO plugin. -->","yoast_head_json":{"title":"Nasza wizja - ENVITIC - \u015brodowisko | OO\u015a | przyroda | GIS | odpady","robots":{"index":"index","follow":"follow","max-snippet":"max-snippet:-1","max-image-preview":"max-image-preview:large","max-video-preview":"max-video-preview:-1"},"canonical":"https:\/\/envitic.pl\/index.php\/envitic-wizja\/","og_locale":"pl_PL","og_type":"article","og_title":"Nasza wizja - ENVITIC - \u015brodowisko | OO\u015a | przyroda | GIS | odpady","og_description":"Pok\u0142adamy nadziej\u0119, \u017ce przygotowanie merytoryczne w dziedzinach specjalistycznych zwi\u0105zanych ze \u015brodowiskiem, a tak\u017ce dobra organizacja naszej pracy, jak r\u00f3wnie\u017c wykorzystanie nowoczesnych narz\u0119dzi IT i GIS wspieraj\u0105cych, u\u0142atwiaj\u0105cych i przyspieszaj\u0105cych nasz\u0105 prac\u0119, stanowi\u0107 b\u0119d\u0105 fundament naszego sukcesu oraz gwarancj\u0119 zadowolenia klient\u00f3w.","og_url":"https:\/\/envitic.pl\/index.php\/envitic-wizja\/","og_site_name":"ENVITIC - \u015brodowisko | OO\u015a | przyroda | GIS | odpady","article_modified_time":"2024-03-12T03:14:47+00:00","og_image":[{"width":1080,"height":810,"url":"https:\/\/envitic.pl\/wp-content\/uploads\/2024\/03\/envitic_aleja.png","type":"image\/png"}],"twitter_card":"summary_large_image","twitter_misc":{"Szacowany czas czytania":"1 minuta"},"schema":{"@context":"https:\/\/schema.org","@graph":[{"@type":"WebPage","@id":"https:\/\/envitic.pl\/index.php\/envitic-wizja\/","url":"https:\/\/envitic.pl\/index.php\/envitic-wizja\/","name":"Nasza wizja - ENVITIC - \u015brodowisko | OO\u015a | przyroda | GIS | odpady","isPartOf":{"@id":"https:\/\/envitic.pl\/#website"},"primaryImageOfPage":{"@id":"https:\/\/envitic.pl\/index.php\/envitic-wizja\/#primaryimage"},"image":{"@id":"https:\/\/envitic.pl\/index.php\/envitic-wizja\/#primaryimage"},"thumbnailUrl":"https:\/\/envitic.pl\/wp-content\/uploads\/2024\/03\/envitic_aleja.png","datePublished":"2024-03-12T03:14:46+00:00","dateModified":"2024-03-12T03:14:47+00:00","breadcrumb":{"@id":"https:\/\/envitic.pl\/index.php\/envitic-wizja\/#breadcrumb"},"inLanguage":"pl-PL","potentialAction":[{"@type":"ReadAction","target":["https:\/\/envitic.pl\/index.php\/envitic-wizja\/"]}]},{"@type":"ImageObject","inLanguage":"pl-PL","@id":"https:\/\/envitic.pl\/index.php\/envitic-wizja\/#primaryimage","url":"https:\/\/envitic.pl\/wp-content\/uploads\/2024\/03\/envitic_aleja.png","contentUrl":"https:\/\/envitic.pl\/wp-content\/uploads\/2024\/03\/envitic_aleja.png","width":1080,"height":810},{"@type":"BreadcrumbList","@id":"https:\/\/envitic.pl\/index.php\/envitic-wizja\/#breadcrumb","itemListElement":[{"@type":"ListItem","position":1,"name":"Strona g\u0142\u00f3wna","item":"https:\/\/envitic.pl\/"},{"@type":"ListItem","position":2,"name":"Nasza wizja"}]},{"@type":"WebSite","@id":"https:\/\/envitic.pl\/#website","url":"https:\/\/envitic.pl\/","name":"envitic.pl","description":"Envitic Sp. z o.o. - kompleksowe us\u0142ugi w zakresie ochrony \u015brodowiska, przyrody, ocen oddzia\u0142ywania na \u015brodowisko, geoinformacji i doradztwa w zakresie gospodarowania odpadami oraz system&oacute;w ISO 14001, ISO 9001, ISO 45001.","publisher":{"@id":"https:\/\/envitic.pl\/#organization"},"potentialAction":[{"@type":"SearchAction","target":{"@type":"EntryPoint","urlTemplate":"https:\/\/envitic.pl\/?s={search_term_string}"},"query-input":"required name=search_term_string"}],"inLanguage":"pl-PL"},{"@type":"Organization","@id":"https:\/\/envitic.pl\/#organization","name":"Envitic Sp. z o.o.","url":"https:\/\/envitic.pl\/","logo":{"@type":"ImageObject","inLanguage":"pl-PL","@id":"https:\/\/envitic.pl\/#\/schema\/logo\/image\/","url":"https:\/\/envitic.pl\/wp-content\/uploads\/2024\/03\/logo_envitic_120pxh-e1710182982151.png","contentUrl":"https:\/\/envitic.pl\/wp-content\/uploads\/2024\/03\/logo_envitic_120pxh-e1710182982151.png","width":242,"height":77,"caption":"Envitic Sp. z o.o."},"image":{"@id":"https:\/\/envitic.pl\/#\/schema\/logo\/image\/"},"sameAs":["https:\/\/www.linkedin.com\/company\/envitic-spzoo\/"]}]}},"_links":{"self":[{"href":"https:\/\/envitic.pl\/index.php\/wp-json\/wp\/v2\/pages\/22"}],"collection":[{"href":"https:\/\/envitic.pl\/index.php\/wp-json\/wp\/v2\/pages"}],"about":[{"href":"https:\/\/envitic.pl\/index.php\/wp-json\/wp\/v2\/types\/page"}],"author":[{"embeddable":true,"href":"https:\/\/envitic.pl\/index.php\/wp-json\/wp\/v2\/users\/2"}],"replies":[{"embeddable":true,"href":"https:\/\/envitic.pl\/index.php\/wp-json\/wp\/v2\/comments?post=22"}],"version-history":[{"count":1,"href":"https:\/\/envitic.pl\/index.php\/wp-json\/wp\/v2\/pages\/22\/revisions"}],"predecessor-version":[{"id":1534,"href":"https:\/\/envitic.pl\/index.php\/wp-json\/wp\/v2\/pages\/22\/revisions\/1534"}],"wp:featuredmedia":[{"embeddable":true,"href":"https:\/\/envitic.pl\/index.php\/wp-json\/wp\/v2\/media\/1441"}],"wp:attachment":[{"href":"https:\/\/envitic.pl\/index.php\/wp-json\/wp\/v2\/media?parent=22"}],"curies":[{"name":"wp","href":"https:\/\/api.w.org\/{rel}","templated":true}]}}