{"id":23,"date":"2024-03-12T02:52:28","date_gmt":"2024-03-12T02:52:28","guid":{"rendered":"http:\/\/demos.famethemes.com\/onepress\/?page_id=23"},"modified":"2024-03-12T02:52:28","modified_gmt":"2024-03-12T02:52:28","slug":"przyroda","status":"publish","type":"page","link":"https:\/\/envitic.pl\/index.php\/przyroda\/","title":{"rendered":"Inwentaryzacje, nadzory i monitoringi przyrodnicze"},"content":{"rendered":"\n<blockquote class=\"wp-block-quote\">\n<p>Cz\u0142owiek, ze swoim wyposa\u017ceniem i technik\u0105, mo\u017ce udawa\u0107 najm\u0105drzejszego na Ziemi, ale kiedy stanie twarz\u0105 w twarz z gniewem przyrody, rozumie, \u017ce zupe\u0142nie si\u0119 nie liczy.<\/p>\n<cite>Yves Paccalet<\/cite><\/blockquote>\n\n\n<p>Oferujemy kompleksowe us\u0142ugi w zakresie inwentaryzacji przyrodniczych, nadzor\u00f3w przyrodniczych (zw\u0142aszcza w ramach realizowanych inwestycji infrastrukturalnych) oraz monitoring\u00f3w przyrodniczych (m.in. przeprowadzanie monitoring\u00f3w porealizacyjnych dla inwestycji).<\/p>\n<p>Dysponujemy sieci\u0105 specjalist\u00f3w dzia\u0142aj\u0105cych na terenie ca\u0142ego kraju, bieg\u0142ych w dziedzinach botaniki, teriologii, ornitologii, herpetologii, entomologii i innych.<\/p>\n<p>Sporz\u0105dzamy opracowania prowadzonych bada\u0144 i prac w formie przejrzystych i tre\u015bciwych raport\u00f3w.<\/p>\n<p>Sporz\u0105dzamy projekty wniosk\u00f3w o zezwolenia na odst\u0119pstwa od zakaz\u00f3w w stosunku do gatunk\u00f3w dziko wyst\u0119puj\u0105cych, a w zale\u017cno\u015bci od wymaga\u0144 klienta, wyst\u0119pujemy w jego imieniu przed w\u0142a\u015bciwymi organami administracji publicznej jako pe\u0142nomocnicy.<\/p>\n<p>W naszej pracy posi\u0142kujemy si\u0119 bogat\u0105 wiedz\u0105 i do\u015bwiadczeniem w pracy terenowej i kameralnej naszych specjalist\u00f3w oraz nowoczesnymi urz\u0105dzeniami geoprzestrzennymi, optycznymi i sprz\u0119tem fotograficznym, a tak\u017ce autorskimi narz\u0119dziami IT i oprogramowaniem GIS.<\/p>\n\n\n<hr class=\"wp-block-separator has-alpha-channel-opacity\"\/>\n\n\n\n<figure class=\"wp-block-image size-full\"><img loading=\"lazy\" decoding=\"async\" width=\"1080\" height=\"813\" src=\"https:\/\/envitic.pl\/wp-content\/uploads\/2024\/03\/envitic_szuwary.png\" alt=\"\" class=\"wp-image-1444\" srcset=\"https:\/\/envitic.pl\/wp-content\/uploads\/2024\/03\/envitic_szuwary.png 1080w, https:\/\/envitic.pl\/wp-content\/uploads\/2024\/03\/envitic_szuwary-300x226.png 300w, https:\/\/envitic.pl\/wp-content\/uploads\/2024\/03\/envitic_szuwary-768x578.png 768w\" sizes=\"(max-width: 1080px) 100vw, 1080px\" \/><\/figure>\n\n\n\n<p><\/p>\n","protected":false},"excerpt":{"rendered":"<p>Dysponujemy sieci\u0105 specjalist\u00f3w dzia\u0142aj\u0105cych na terenie ca\u0142ego kraju, bieg\u0142ych w dziedzinach botaniki, teriologii, ornitologii, herpetologii, entomologii i innych.<\/p>\n","protected":false},"author":2,"featured_media":0,"parent":0,"menu_order":0,"comment_status":"closed","ping_status":"closed","template":"","meta":{"footnotes":""},"yoast_head":"<!-- This site is optimized with the Yoast SEO plugin v22.2 - https:\/\/yoast.com\/wordpress\/plugins\/seo\/ -->\n<title>Inwentaryzacje, nadzory i monitoringi przyrodnicze - ENVITIC - \u015brodowisko | OO\u015a | przyroda | GIS | odpady<\/title>\n<meta name=\"robots\" content=\"index, follow, max-snippet:-1, max-image-preview:large, max-video-preview:-1\" \/>\n<link rel=\"canonical\" href=\"https:\/\/envitic.pl\/index.php\/przyroda\/\" \/>\n<meta property=\"og:locale\" content=\"pl_PL\" \/>\n<meta property=\"og:type\" content=\"article\" \/>\n<meta property=\"og:title\" content=\"Inwentaryzacje, nadzory i monitoringi przyrodnicze - ENVITIC - \u015brodowisko | OO\u015a | przyroda | GIS | odpady\" \/>\n<meta property=\"og:description\" content=\"Dysponujemy sieci\u0105 specjalist\u00f3w dzia\u0142aj\u0105cych na terenie ca\u0142ego kraju, bieg\u0142ych w dziedzinach botaniki, teriologii, ornitologii, herpetologii, entomologii i innych.\" \/>\n<meta property=\"og:url\" content=\"https:\/\/envitic.pl\/index.php\/przyroda\/\" \/>\n<meta property=\"og:site_name\" content=\"ENVITIC - \u015brodowisko | OO\u015a | przyroda | GIS | odpady\" \/>\n<meta property=\"og:image\" content=\"https:\/\/envitic.pl\/wp-content\/uploads\/2024\/03\/envitic_szuwary.png\" \/>\n<meta name=\"twitter:card\" content=\"summary_large_image\" \/>\n<meta name=\"twitter:label1\" content=\"Szacowany czas czytania\" \/>\n\t<meta name=\"twitter:data1\" content=\"1 minuta\" \/>\n<script type=\"application\/ld+json\" class=\"yoast-schema-graph\">{\"@context\":\"https:\/\/schema.org\",\"@graph\":[{\"@type\":\"WebPage\",\"@id\":\"https:\/\/envitic.pl\/index.php\/przyroda\/\",\"url\":\"https:\/\/envitic.pl\/index.php\/przyroda\/\",\"name\":\"Inwentaryzacje, nadzory i monitoringi przyrodnicze - ENVITIC - \u015brodowisko | OO\u015a | przyroda | GIS | odpady\",\"isPartOf\":{\"@id\":\"https:\/\/envitic.pl\/#website\"},\"primaryImageOfPage\":{\"@id\":\"https:\/\/envitic.pl\/index.php\/przyroda\/#primaryimage\"},\"image\":{\"@id\":\"https:\/\/envitic.pl\/index.php\/przyroda\/#primaryimage\"},\"thumbnailUrl\":\"https:\/\/envitic.pl\/wp-content\/uploads\/2024\/03\/envitic_szuwary.png\",\"datePublished\":\"2024-03-12T02:52:28+00:00\",\"dateModified\":\"2024-03-12T02:52:28+00:00\",\"breadcrumb\":{\"@id\":\"https:\/\/envitic.pl\/index.php\/przyroda\/#breadcrumb\"},\"inLanguage\":\"pl-PL\",\"potentialAction\":[{\"@type\":\"ReadAction\",\"target\":[\"https:\/\/envitic.pl\/index.php\/przyroda\/\"]}]},{\"@type\":\"ImageObject\",\"inLanguage\":\"pl-PL\",\"@id\":\"https:\/\/envitic.pl\/index.php\/przyroda\/#primaryimage\",\"url\":\"https:\/\/envitic.pl\/wp-content\/uploads\/2024\/03\/envitic_szuwary.png\",\"contentUrl\":\"https:\/\/envitic.pl\/wp-content\/uploads\/2024\/03\/envitic_szuwary.png\",\"width\":1080,\"height\":813},{\"@type\":\"BreadcrumbList\",\"@id\":\"https:\/\/envitic.pl\/index.php\/przyroda\/#breadcrumb\",\"itemListElement\":[{\"@type\":\"ListItem\",\"position\":1,\"name\":\"Strona g\u0142\u00f3wna\",\"item\":\"https:\/\/envitic.pl\/\"},{\"@type\":\"ListItem\",\"position\":2,\"name\":\"Inwentaryzacje, nadzory i monitoringi przyrodnicze\"}]},{\"@type\":\"WebSite\",\"@id\":\"https:\/\/envitic.pl\/#website\",\"url\":\"https:\/\/envitic.pl\/\",\"name\":\"envitic.pl\",\"description\":\"Envitic Sp. z o.o. - kompleksowe us\u0142ugi w zakresie ochrony \u015brodowiska, przyrody, ocen oddzia\u0142ywania na \u015brodowisko, geoinformacji i doradztwa w zakresie gospodarowania odpadami oraz system&oacute;w ISO 14001, ISO 9001, ISO 45001.\",\"publisher\":{\"@id\":\"https:\/\/envitic.pl\/#organization\"},\"potentialAction\":[{\"@type\":\"SearchAction\",\"target\":{\"@type\":\"EntryPoint\",\"urlTemplate\":\"https:\/\/envitic.pl\/?s={search_term_string}\"},\"query-input\":\"required name=search_term_string\"}],\"inLanguage\":\"pl-PL\"},{\"@type\":\"Organization\",\"@id\":\"https:\/\/envitic.pl\/#organization\",\"name\":\"Envitic Sp. z o.o.\",\"url\":\"https:\/\/envitic.pl\/\",\"logo\":{\"@type\":\"ImageObject\",\"inLanguage\":\"pl-PL\",\"@id\":\"https:\/\/envitic.pl\/#\/schema\/logo\/image\/\",\"url\":\"https:\/\/envitic.pl\/wp-content\/uploads\/2024\/03\/logo_envitic_120pxh-e1710182982151.png\",\"contentUrl\":\"https:\/\/envitic.pl\/wp-content\/uploads\/2024\/03\/logo_envitic_120pxh-e1710182982151.png\",\"width\":242,\"height\":77,\"caption\":\"Envitic Sp. z o.o.\"},\"image\":{\"@id\":\"https:\/\/envitic.pl\/#\/schema\/logo\/image\/\"},\"sameAs\":[\"https:\/\/www.linkedin.com\/company\/envitic-spzoo\/\"]}]}<\/script>\n<!-- \/ Yoast SEO plugin. -->","yoast_head_json":{"title":"Inwentaryzacje, nadzory i monitoringi przyrodnicze - ENVITIC - \u015brodowisko | OO\u015a | przyroda | GIS | odpady","robots":{"index":"index","follow":"follow","max-snippet":"max-snippet:-1","max-image-preview":"max-image-preview:large","max-video-preview":"max-video-preview:-1"},"canonical":"https:\/\/envitic.pl\/index.php\/przyroda\/","og_locale":"pl_PL","og_type":"article","og_title":"Inwentaryzacje, nadzory i monitoringi przyrodnicze - ENVITIC - \u015brodowisko | OO\u015a | przyroda | GIS | odpady","og_description":"Dysponujemy sieci\u0105 specjalist\u00f3w dzia\u0142aj\u0105cych na terenie ca\u0142ego kraju, bieg\u0142ych w dziedzinach botaniki, teriologii, ornitologii, herpetologii, entomologii i innych.","og_url":"https:\/\/envitic.pl\/index.php\/przyroda\/","og_site_name":"ENVITIC - \u015brodowisko | OO\u015a | przyroda | GIS | odpady","og_image":[{"url":"https:\/\/envitic.pl\/wp-content\/uploads\/2024\/03\/envitic_szuwary.png"}],"twitter_card":"summary_large_image","twitter_misc":{"Szacowany czas czytania":"1 minuta"},"schema":{"@context":"https:\/\/schema.org","@graph":[{"@type":"WebPage","@id":"https:\/\/envitic.pl\/index.php\/przyroda\/","url":"https:\/\/envitic.pl\/index.php\/przyroda\/","name":"Inwentaryzacje, nadzory i monitoringi przyrodnicze - ENVITIC - \u015brodowisko | OO\u015a | przyroda | GIS | odpady","isPartOf":{"@id":"https:\/\/envitic.pl\/#website"},"primaryImageOfPage":{"@id":"https:\/\/envitic.pl\/index.php\/przyroda\/#primaryimage"},"image":{"@id":"https:\/\/envitic.pl\/index.php\/przyroda\/#primaryimage"},"thumbnailUrl":"https:\/\/envitic.pl\/wp-content\/uploads\/2024\/03\/envitic_szuwary.png","datePublished":"2024-03-12T02:52:28+00:00","dateModified":"2024-03-12T02:52:28+00:00","breadcrumb":{"@id":"https:\/\/envitic.pl\/index.php\/przyroda\/#breadcrumb"},"inLanguage":"pl-PL","potentialAction":[{"@type":"ReadAction","target":["https:\/\/envitic.pl\/index.php\/przyroda\/"]}]},{"@type":"ImageObject","inLanguage":"pl-PL","@id":"https:\/\/envitic.pl\/index.php\/przyroda\/#primaryimage","url":"https:\/\/envitic.pl\/wp-content\/uploads\/2024\/03\/envitic_szuwary.png","contentUrl":"https:\/\/envitic.pl\/wp-content\/uploads\/2024\/03\/envitic_szuwary.png","width":1080,"height":813},{"@type":"BreadcrumbList","@id":"https:\/\/envitic.pl\/index.php\/przyroda\/#breadcrumb","itemListElement":[{"@type":"ListItem","position":1,"name":"Strona g\u0142\u00f3wna","item":"https:\/\/envitic.pl\/"},{"@type":"ListItem","position":2,"name":"Inwentaryzacje, nadzory i monitoringi przyrodnicze"}]},{"@type":"WebSite","@id":"https:\/\/envitic.pl\/#website","url":"https:\/\/envitic.pl\/","name":"envitic.pl","description":"Envitic Sp. z o.o. - kompleksowe us\u0142ugi w zakresie ochrony \u015brodowiska, przyrody, ocen oddzia\u0142ywania na \u015brodowisko, geoinformacji i doradztwa w zakresie gospodarowania odpadami oraz system&oacute;w ISO 14001, ISO 9001, ISO 45001.","publisher":{"@id":"https:\/\/envitic.pl\/#organization"},"potentialAction":[{"@type":"SearchAction","target":{"@type":"EntryPoint","urlTemplate":"https:\/\/envitic.pl\/?s={search_term_string}"},"query-input":"required name=search_term_string"}],"inLanguage":"pl-PL"},{"@type":"Organization","@id":"https:\/\/envitic.pl\/#organization","name":"Envitic Sp. z o.o.","url":"https:\/\/envitic.pl\/","logo":{"@type":"ImageObject","inLanguage":"pl-PL","@id":"https:\/\/envitic.pl\/#\/schema\/logo\/image\/","url":"https:\/\/envitic.pl\/wp-content\/uploads\/2024\/03\/logo_envitic_120pxh-e1710182982151.png","contentUrl":"https:\/\/envitic.pl\/wp-content\/uploads\/2024\/03\/logo_envitic_120pxh-e1710182982151.png","width":242,"height":77,"caption":"Envitic Sp. z o.o."},"image":{"@id":"https:\/\/envitic.pl\/#\/schema\/logo\/image\/"},"sameAs":["https:\/\/www.linkedin.com\/company\/envitic-spzoo\/"]}]}},"_links":{"self":[{"href":"https:\/\/envitic.pl\/index.php\/wp-json\/wp\/v2\/pages\/23"}],"collection":[{"href":"https:\/\/envitic.pl\/index.php\/wp-json\/wp\/v2\/pages"}],"about":[{"href":"https:\/\/envitic.pl\/index.php\/wp-json\/wp\/v2\/types\/page"}],"author":[{"embeddable":true,"href":"https:\/\/envitic.pl\/index.php\/wp-json\/wp\/v2\/users\/2"}],"replies":[{"embeddable":true,"href":"https:\/\/envitic.pl\/index.php\/wp-json\/wp\/v2\/comments?post=23"}],"version-history":[{"count":3,"href":"https:\/\/envitic.pl\/index.php\/wp-json\/wp\/v2\/pages\/23\/revisions"}],"predecessor-version":[{"id":1527,"href":"https:\/\/envitic.pl\/index.php\/wp-json\/wp\/v2\/pages\/23\/revisions\/1527"}],"wp:attachment":[{"href":"https:\/\/envitic.pl\/index.php\/wp-json\/wp\/v2\/media?parent=23"}],"curies":[{"name":"wp","href":"https:\/\/api.w.org\/{rel}","templated":true}]}}