{"id":24,"date":"2024-03-12T02:53:48","date_gmt":"2024-03-12T02:53:48","guid":{"rendered":"http:\/\/demos.famethemes.com\/onepress\/?page_id=24"},"modified":"2024-03-12T02:53:48","modified_gmt":"2024-03-12T02:53:48","slug":"srodowisko-oos-oceny-oddzialywania","status":"publish","type":"page","link":"https:\/\/envitic.pl\/index.php\/srodowisko-oos-oceny-oddzialywania\/","title":{"rendered":"Analizy \u015brodowiskowe, oceny oddzia\u0142ywania, zintegrowane systemy zarz\u0105dzania"},"content":{"rendered":"\n<blockquote class=\"wp-block-quote\">\n<p>Godne uznania, a czasem podziwu s\u0105 wysi\u0142ki naukowc\u00f3w i technik\u00f3w, usi\u0142uj\u0105cych zapewni\u0107 rozwi\u0105zanie problem\u00f3w stworzonych przez cz\u0142owieka. Ale obserwuj\u0105c \u015bwiat, zauwa\u017camy, \u017ce ten poziom ingerencji cz\u0142owieka cz\u0119sto s\u0142u\u017c\u0105cy interesom \u015brodowisk finansowych i konsumpcjonizmowi faktycznie sprawia, \u017ce ziemia na kt\u00f3rej \u017cyjemy, staje si\u0119 mniej bogata i pi\u0119kna, coraz bardziej ograniczona i szara, podczas gdy w tym samym czasie rozw\u00f3j technologii i ofert konsumpcji nieustannie w spos\u00f3b nieograniczony posuwa si\u0119 naprz\u00f3d.<\/p>\n<cite>papie\u017c Franciszek &#8211; encyklika <em>&#8222;Laudato si&#8221;<\/em><\/cite><\/blockquote>\n\n\n\n<p>Dla potrzeb planowanych przez naszych klient\u00f3w inwestycji przeprowadzamy kompleksowe analizy \u015brodowiskowe poprzedzone badaniami terenowymi i wywiadem u lokalnych \u017ar\u00f3de\u0142. Kwerendy w zakresie przepis\u00f3w prawa miejscowego oraz pozyskiwanie informacji publicznej od lokalnej administracji pozwala nam zgromadzi\u0107 niezb\u0119dne dane do sporz\u0105dzanych przez nas opracowa\u0144.<\/p>\n\n\n\n<p>Sporz\u0105dzamy raporty oddzia\u0142ywania przedsi\u0119wzi\u0119\u0107 na \u015brodowisko, karty informacyjne przedsi\u0119wzi\u0119\u0107, prognozy oddzia\u0142ywania na \u015brodowisko oraz ekspertyzy specjalistyczne. Do zobrazowania danych pozyskanych i przygotowanych dla potrzeb wykonania powy\u017cszych opracowa\u0144 pos\u0142ugujemy si\u0119 systemami zarz\u0105dzania danymi zintegrowanymi z oprogramowaniem do przeprowadzania analiz przestrzennych GIS. Uzyskana w ten spos\u00f3b synergia koresponduj\u0105cych ze sob\u0105 danych pozwala uzyska\u0107 szeroki obraz planowanego przedsi\u0119wzi\u0119cia i jego przewidywanego oddzia\u0142ywania na \u015brodowisko. Zapewniamy tak\u017ce przeprowadzanie bada\u0144 i prognoz w zakresie oddzia\u0142ywania na klimat akustyczny.<\/p>\n\n\n\n<p>Nieustannie poszerzana wiedza bran\u017cowa naszego zespo\u0142u, rozw\u00f3j narz\u0119dzi autorskich i ci\u0105g\u0142e pozyskiwanie nowoczesnych instrument\u00f3w badawczych, a tak\u017ce sta\u0142e monitorowanie stanu prawnego w przedmiotowej dziedzinie pozwala nam zapewni\u0107 wysok\u0105 jako\u015b\u0107 \u015bwiadczonych us\u0142ug.<\/p>\n\n\n\n<p>Zesp\u00f3\u0142 specjalist\u00f3w do\u015bwiadczonych w zakresie wdra\u017cania zintegrowanych system\u00f3w zarz\u0105dzania w organizacjach, zgodnych z normami ISO 14001, ISO 9001 i ISO 45001 pozwala nam przygotowywa\u0107 i wspiera\u0107 naszych klient\u00f3w w procesie certyfikacji.<\/p>\n\n\n\n<hr class=\"wp-block-separator has-alpha-channel-opacity\"\/>\n\n\n\n<figure class=\"wp-block-image size-full\"><img loading=\"lazy\" decoding=\"async\" width=\"1080\" height=\"810\" src=\"https:\/\/envitic.pl\/wp-content\/uploads\/2024\/03\/envitic_wiatraki.png\" alt=\"\" class=\"wp-image-1446\" srcset=\"https:\/\/envitic.pl\/wp-content\/uploads\/2024\/03\/envitic_wiatraki.png 1080w, https:\/\/envitic.pl\/wp-content\/uploads\/2024\/03\/envitic_wiatraki-300x225.png 300w, https:\/\/envitic.pl\/wp-content\/uploads\/2024\/03\/envitic_wiatraki-768x576.png 768w\" sizes=\"(max-width: 1080px) 100vw, 1080px\" \/><\/figure>\n\n\n\n<p><\/p>\n\n\n\n<p><\/p>\n","protected":false},"excerpt":{"rendered":"<p>Nieustannie poszerzana wiedza bran\u017cowa naszego zespo\u0142u, rozw\u00f3j narz\u0119dzi autorskich i ci\u0105g\u0142e pozyskiwanie nowoczesnych instrument\u00f3w badawczych, a tak\u017ce sta\u0142e monitorowanie stanu prawnego w przedmiotowej dziedzinie pozwala nam zapewni\u0107 wysok\u0105 jako\u015b\u0107 \u015bwiadczonych us\u0142ug.<\/p>\n","protected":false},"author":2,"featured_media":0,"parent":0,"menu_order":0,"comment_status":"closed","ping_status":"closed","template":"","meta":{"footnotes":""},"yoast_head":"<!-- This site is optimized with the Yoast SEO plugin v22.2 - https:\/\/yoast.com\/wordpress\/plugins\/seo\/ -->\n<title>Analizy \u015brodowiskowe, oceny oddzia\u0142ywania, zintegrowane systemy zarz\u0105dzania - ENVITIC - \u015brodowisko | OO\u015a | przyroda | GIS | odpady<\/title>\n<meta name=\"robots\" content=\"index, follow, max-snippet:-1, max-image-preview:large, max-video-preview:-1\" \/>\n<link rel=\"canonical\" href=\"https:\/\/envitic.pl\/index.php\/srodowisko-oos-oceny-oddzialywania\/\" \/>\n<meta property=\"og:locale\" content=\"pl_PL\" \/>\n<meta property=\"og:type\" content=\"article\" \/>\n<meta property=\"og:title\" content=\"Analizy \u015brodowiskowe, oceny oddzia\u0142ywania, zintegrowane systemy zarz\u0105dzania - ENVITIC - \u015brodowisko | OO\u015a | przyroda | GIS | odpady\" \/>\n<meta property=\"og:description\" content=\"Nieustannie poszerzana wiedza bran\u017cowa naszego zespo\u0142u, rozw\u00f3j narz\u0119dzi autorskich i ci\u0105g\u0142e pozyskiwanie nowoczesnych instrument\u00f3w badawczych, a tak\u017ce sta\u0142e monitorowanie stanu prawnego w przedmiotowej dziedzinie pozwala nam zapewni\u0107 wysok\u0105 jako\u015b\u0107 \u015bwiadczonych us\u0142ug.\" \/>\n<meta property=\"og:url\" content=\"https:\/\/envitic.pl\/index.php\/srodowisko-oos-oceny-oddzialywania\/\" \/>\n<meta property=\"og:site_name\" content=\"ENVITIC - \u015brodowisko | OO\u015a | przyroda | GIS | odpady\" \/>\n<meta property=\"og:image\" content=\"https:\/\/envitic.pl\/wp-content\/uploads\/2024\/03\/envitic_wiatraki.png\" \/>\n<meta name=\"twitter:card\" content=\"summary_large_image\" \/>\n<meta name=\"twitter:label1\" content=\"Szacowany czas czytania\" \/>\n\t<meta name=\"twitter:data1\" content=\"2 minuty\" \/>\n<script type=\"application\/ld+json\" class=\"yoast-schema-graph\">{\"@context\":\"https:\/\/schema.org\",\"@graph\":[{\"@type\":\"WebPage\",\"@id\":\"https:\/\/envitic.pl\/index.php\/srodowisko-oos-oceny-oddzialywania\/\",\"url\":\"https:\/\/envitic.pl\/index.php\/srodowisko-oos-oceny-oddzialywania\/\",\"name\":\"Analizy \u015brodowiskowe, oceny oddzia\u0142ywania, zintegrowane systemy zarz\u0105dzania - ENVITIC - \u015brodowisko | OO\u015a | przyroda | GIS | odpady\",\"isPartOf\":{\"@id\":\"https:\/\/envitic.pl\/#website\"},\"primaryImageOfPage\":{\"@id\":\"https:\/\/envitic.pl\/index.php\/srodowisko-oos-oceny-oddzialywania\/#primaryimage\"},\"image\":{\"@id\":\"https:\/\/envitic.pl\/index.php\/srodowisko-oos-oceny-oddzialywania\/#primaryimage\"},\"thumbnailUrl\":\"https:\/\/envitic.pl\/wp-content\/uploads\/2024\/03\/envitic_wiatraki.png\",\"datePublished\":\"2024-03-12T02:53:48+00:00\",\"dateModified\":\"2024-03-12T02:53:48+00:00\",\"breadcrumb\":{\"@id\":\"https:\/\/envitic.pl\/index.php\/srodowisko-oos-oceny-oddzialywania\/#breadcrumb\"},\"inLanguage\":\"pl-PL\",\"potentialAction\":[{\"@type\":\"ReadAction\",\"target\":[\"https:\/\/envitic.pl\/index.php\/srodowisko-oos-oceny-oddzialywania\/\"]}]},{\"@type\":\"ImageObject\",\"inLanguage\":\"pl-PL\",\"@id\":\"https:\/\/envitic.pl\/index.php\/srodowisko-oos-oceny-oddzialywania\/#primaryimage\",\"url\":\"https:\/\/envitic.pl\/wp-content\/uploads\/2024\/03\/envitic_wiatraki.png\",\"contentUrl\":\"https:\/\/envitic.pl\/wp-content\/uploads\/2024\/03\/envitic_wiatraki.png\",\"width\":1080,\"height\":810},{\"@type\":\"BreadcrumbList\",\"@id\":\"https:\/\/envitic.pl\/index.php\/srodowisko-oos-oceny-oddzialywania\/#breadcrumb\",\"itemListElement\":[{\"@type\":\"ListItem\",\"position\":1,\"name\":\"Strona g\u0142\u00f3wna\",\"item\":\"https:\/\/envitic.pl\/\"},{\"@type\":\"ListItem\",\"position\":2,\"name\":\"Analizy \u015brodowiskowe, oceny oddzia\u0142ywania, zintegrowane systemy zarz\u0105dzania\"}]},{\"@type\":\"WebSite\",\"@id\":\"https:\/\/envitic.pl\/#website\",\"url\":\"https:\/\/envitic.pl\/\",\"name\":\"envitic.pl\",\"description\":\"Envitic Sp. z o.o. - kompleksowe us\u0142ugi w zakresie ochrony \u015brodowiska, przyrody, ocen oddzia\u0142ywania na \u015brodowisko, geoinformacji i doradztwa w zakresie gospodarowania odpadami oraz system&oacute;w ISO 14001, ISO 9001, ISO 45001.\",\"publisher\":{\"@id\":\"https:\/\/envitic.pl\/#organization\"},\"potentialAction\":[{\"@type\":\"SearchAction\",\"target\":{\"@type\":\"EntryPoint\",\"urlTemplate\":\"https:\/\/envitic.pl\/?s={search_term_string}\"},\"query-input\":\"required name=search_term_string\"}],\"inLanguage\":\"pl-PL\"},{\"@type\":\"Organization\",\"@id\":\"https:\/\/envitic.pl\/#organization\",\"name\":\"Envitic Sp. z o.o.\",\"url\":\"https:\/\/envitic.pl\/\",\"logo\":{\"@type\":\"ImageObject\",\"inLanguage\":\"pl-PL\",\"@id\":\"https:\/\/envitic.pl\/#\/schema\/logo\/image\/\",\"url\":\"https:\/\/envitic.pl\/wp-content\/uploads\/2024\/03\/logo_envitic_120pxh-e1710182982151.png\",\"contentUrl\":\"https:\/\/envitic.pl\/wp-content\/uploads\/2024\/03\/logo_envitic_120pxh-e1710182982151.png\",\"width\":242,\"height\":77,\"caption\":\"Envitic Sp. z o.o.\"},\"image\":{\"@id\":\"https:\/\/envitic.pl\/#\/schema\/logo\/image\/\"},\"sameAs\":[\"https:\/\/www.linkedin.com\/company\/envitic-spzoo\/\"]}]}<\/script>\n<!-- \/ Yoast SEO plugin. -->","yoast_head_json":{"title":"Analizy \u015brodowiskowe, oceny oddzia\u0142ywania, zintegrowane systemy zarz\u0105dzania - ENVITIC - \u015brodowisko | OO\u015a | przyroda | GIS | odpady","robots":{"index":"index","follow":"follow","max-snippet":"max-snippet:-1","max-image-preview":"max-image-preview:large","max-video-preview":"max-video-preview:-1"},"canonical":"https:\/\/envitic.pl\/index.php\/srodowisko-oos-oceny-oddzialywania\/","og_locale":"pl_PL","og_type":"article","og_title":"Analizy \u015brodowiskowe, oceny oddzia\u0142ywania, zintegrowane systemy zarz\u0105dzania - ENVITIC - \u015brodowisko | OO\u015a | przyroda | GIS | odpady","og_description":"Nieustannie poszerzana wiedza bran\u017cowa naszego zespo\u0142u, rozw\u00f3j narz\u0119dzi autorskich i ci\u0105g\u0142e pozyskiwanie nowoczesnych instrument\u00f3w badawczych, a tak\u017ce sta\u0142e monitorowanie stanu prawnego w przedmiotowej dziedzinie pozwala nam zapewni\u0107 wysok\u0105 jako\u015b\u0107 \u015bwiadczonych us\u0142ug.","og_url":"https:\/\/envitic.pl\/index.php\/srodowisko-oos-oceny-oddzialywania\/","og_site_name":"ENVITIC - \u015brodowisko | OO\u015a | przyroda | GIS | odpady","og_image":[{"url":"https:\/\/envitic.pl\/wp-content\/uploads\/2024\/03\/envitic_wiatraki.png"}],"twitter_card":"summary_large_image","twitter_misc":{"Szacowany czas czytania":"2 minuty"},"schema":{"@context":"https:\/\/schema.org","@graph":[{"@type":"WebPage","@id":"https:\/\/envitic.pl\/index.php\/srodowisko-oos-oceny-oddzialywania\/","url":"https:\/\/envitic.pl\/index.php\/srodowisko-oos-oceny-oddzialywania\/","name":"Analizy \u015brodowiskowe, oceny oddzia\u0142ywania, zintegrowane systemy zarz\u0105dzania - ENVITIC - \u015brodowisko | OO\u015a | przyroda | GIS | odpady","isPartOf":{"@id":"https:\/\/envitic.pl\/#website"},"primaryImageOfPage":{"@id":"https:\/\/envitic.pl\/index.php\/srodowisko-oos-oceny-oddzialywania\/#primaryimage"},"image":{"@id":"https:\/\/envitic.pl\/index.php\/srodowisko-oos-oceny-oddzialywania\/#primaryimage"},"thumbnailUrl":"https:\/\/envitic.pl\/wp-content\/uploads\/2024\/03\/envitic_wiatraki.png","datePublished":"2024-03-12T02:53:48+00:00","dateModified":"2024-03-12T02:53:48+00:00","breadcrumb":{"@id":"https:\/\/envitic.pl\/index.php\/srodowisko-oos-oceny-oddzialywania\/#breadcrumb"},"inLanguage":"pl-PL","potentialAction":[{"@type":"ReadAction","target":["https:\/\/envitic.pl\/index.php\/srodowisko-oos-oceny-oddzialywania\/"]}]},{"@type":"ImageObject","inLanguage":"pl-PL","@id":"https:\/\/envitic.pl\/index.php\/srodowisko-oos-oceny-oddzialywania\/#primaryimage","url":"https:\/\/envitic.pl\/wp-content\/uploads\/2024\/03\/envitic_wiatraki.png","contentUrl":"https:\/\/envitic.pl\/wp-content\/uploads\/2024\/03\/envitic_wiatraki.png","width":1080,"height":810},{"@type":"BreadcrumbList","@id":"https:\/\/envitic.pl\/index.php\/srodowisko-oos-oceny-oddzialywania\/#breadcrumb","itemListElement":[{"@type":"ListItem","position":1,"name":"Strona g\u0142\u00f3wna","item":"https:\/\/envitic.pl\/"},{"@type":"ListItem","position":2,"name":"Analizy \u015brodowiskowe, oceny oddzia\u0142ywania, zintegrowane systemy zarz\u0105dzania"}]},{"@type":"WebSite","@id":"https:\/\/envitic.pl\/#website","url":"https:\/\/envitic.pl\/","name":"envitic.pl","description":"Envitic Sp. z o.o. - kompleksowe us\u0142ugi w zakresie ochrony \u015brodowiska, przyrody, ocen oddzia\u0142ywania na \u015brodowisko, geoinformacji i doradztwa w zakresie gospodarowania odpadami oraz system&oacute;w ISO 14001, ISO 9001, ISO 45001.","publisher":{"@id":"https:\/\/envitic.pl\/#organization"},"potentialAction":[{"@type":"SearchAction","target":{"@type":"EntryPoint","urlTemplate":"https:\/\/envitic.pl\/?s={search_term_string}"},"query-input":"required name=search_term_string"}],"inLanguage":"pl-PL"},{"@type":"Organization","@id":"https:\/\/envitic.pl\/#organization","name":"Envitic Sp. z o.o.","url":"https:\/\/envitic.pl\/","logo":{"@type":"ImageObject","inLanguage":"pl-PL","@id":"https:\/\/envitic.pl\/#\/schema\/logo\/image\/","url":"https:\/\/envitic.pl\/wp-content\/uploads\/2024\/03\/logo_envitic_120pxh-e1710182982151.png","contentUrl":"https:\/\/envitic.pl\/wp-content\/uploads\/2024\/03\/logo_envitic_120pxh-e1710182982151.png","width":242,"height":77,"caption":"Envitic Sp. z o.o."},"image":{"@id":"https:\/\/envitic.pl\/#\/schema\/logo\/image\/"},"sameAs":["https:\/\/www.linkedin.com\/company\/envitic-spzoo\/"]}]}},"_links":{"self":[{"href":"https:\/\/envitic.pl\/index.php\/wp-json\/wp\/v2\/pages\/24"}],"collection":[{"href":"https:\/\/envitic.pl\/index.php\/wp-json\/wp\/v2\/pages"}],"about":[{"href":"https:\/\/envitic.pl\/index.php\/wp-json\/wp\/v2\/types\/page"}],"author":[{"embeddable":true,"href":"https:\/\/envitic.pl\/index.php\/wp-json\/wp\/v2\/users\/2"}],"replies":[{"embeddable":true,"href":"https:\/\/envitic.pl\/index.php\/wp-json\/wp\/v2\/comments?post=24"}],"version-history":[{"count":4,"href":"https:\/\/envitic.pl\/index.php\/wp-json\/wp\/v2\/pages\/24\/revisions"}],"predecessor-version":[{"id":1524,"href":"https:\/\/envitic.pl\/index.php\/wp-json\/wp\/v2\/pages\/24\/revisions\/1524"}],"wp:attachment":[{"href":"https:\/\/envitic.pl\/index.php\/wp-json\/wp\/v2\/media?parent=24"}],"curies":[{"name":"wp","href":"https:\/\/api.w.org\/{rel}","templated":true}]}}