{"id":26,"date":"2024-03-12T02:54:37","date_gmt":"2024-03-12T02:54:37","guid":{"rendered":"http:\/\/demos.famethemes.com\/onepress\/?page_id=26"},"modified":"2024-03-12T02:54:38","modified_gmt":"2024-03-12T02:54:38","slug":"odpady-bdo","status":"publish","type":"page","link":"https:\/\/envitic.pl\/index.php\/odpady-bdo\/","title":{"rendered":"Doradztwo w zakresie gospodarowania odpadami"},"content":{"rendered":"\n<blockquote class=\"wp-block-quote\">\n<p>Starczy tych pl\u0105s\u00f3w! Robota czeka! Dzielimy si\u0119 na trzy oddzia\u0142y. Oddzia\u0142 Alfa &#8211; selekcja, <strong>odzysk <\/strong>materia\u0142u. Oddzia\u0142 Bronson &#8211; monta\u017c i testy. Oddzia\u0142 Chuck Norris &#8211; cathering i rozrywka. Jakie\u015b pytania?<\/p>\n<cite>Skipper &#8211; bohater filmu <em>&#8222;Madagaskar 2&#8221;<\/em><\/cite><\/blockquote>\n\n\n\n<p>\u015awiadczymy us\u0142ugi doradztwa w zakresie gospodarowania odpadami. Pomagamy klientom w przygotowaniu i wdro\u017ceniu planu gospodarowania odpadami dostosowanego do ich dzia\u0142alno\u015bci. Wdra\u017camy w organizacji klienta system obiegu dokumentacji w zakresie gospodarowania odpadami. Wspieramy klient\u00f3w w prowadzeniu bie\u017c\u0105cej ewidencji odpad\u00f3w oraz w obs\u0142udze systemu rz\u0105dowego Baza Danych o Odpadach (BDO), a tak\u017ce w przygotowaniu sprawozdawczo\u015bci w powy\u017cszym zakresie.<\/p>\n\n\n\n<p>Doradzamy klientom co do obowi\u0105zk\u00f3w prawno-administracyjnych w zakresie gospodarowania odpadami. Przygotowujemy projekty wniosk\u00f3w o wydanie niezb\u0119dnych decyzji administracyjnych, takich jak zezwolenia za zbieranie, wytwarzanie, magazynowanie odpad\u00f3w oraz wspieramy klienta w ca\u0142ym przebiegu post\u0119powania administracyjnego. Zale\u017cnie od \u017cyczenia klienta, wyst\u0119pujemy w powy\u017cszym zakresie w imieniu klienta przed organami administracji publicznej jako pe\u0142nomocnicy.<\/p>\n","protected":false},"excerpt":{"rendered":"<p>Wspieramy klient\u00f3w w prowadzeniu bie\u017c\u0105cej ewidencji odpad\u00f3w oraz w obs\u0142udze systemu rz\u0105dowego Baza Danych o Odpadach (BDO), a tak\u017ce w przygotowaniu sprawozdawczo\u015bci w powy\u017cszym zakresie.<\/p>\n","protected":false},"author":2,"featured_media":0,"parent":0,"menu_order":0,"comment_status":"closed","ping_status":"closed","template":"","meta":{"footnotes":""},"yoast_head":"<!-- This site is optimized with the Yoast SEO plugin v22.2 - https:\/\/yoast.com\/wordpress\/plugins\/seo\/ -->\n<title>Doradztwo w zakresie gospodarowania odpadami - ENVITIC - \u015brodowisko | OO\u015a | przyroda | GIS | odpady<\/title>\n<meta name=\"robots\" content=\"index, follow, max-snippet:-1, max-image-preview:large, max-video-preview:-1\" \/>\n<link rel=\"canonical\" href=\"https:\/\/envitic.pl\/index.php\/odpady-bdo\/\" \/>\n<meta property=\"og:locale\" content=\"pl_PL\" \/>\n<meta property=\"og:type\" content=\"article\" \/>\n<meta property=\"og:title\" content=\"Doradztwo w zakresie gospodarowania odpadami - ENVITIC - \u015brodowisko | OO\u015a | przyroda | GIS | odpady\" \/>\n<meta property=\"og:description\" content=\"Wspieramy klient\u00f3w w prowadzeniu bie\u017c\u0105cej ewidencji odpad\u00f3w oraz w obs\u0142udze systemu rz\u0105dowego Baza Danych o Odpadach (BDO), a tak\u017ce w przygotowaniu sprawozdawczo\u015bci w powy\u017cszym zakresie.\" \/>\n<meta property=\"og:url\" content=\"https:\/\/envitic.pl\/index.php\/odpady-bdo\/\" \/>\n<meta property=\"og:site_name\" content=\"ENVITIC - \u015brodowisko | OO\u015a | przyroda | GIS | odpady\" \/>\n<meta property=\"article:modified_time\" content=\"2024-03-12T02:54:38+00:00\" \/>\n<meta name=\"twitter:card\" content=\"summary_large_image\" \/>\n<meta name=\"twitter:label1\" content=\"Szacowany czas czytania\" \/>\n\t<meta name=\"twitter:data1\" content=\"1 minuta\" \/>\n<script type=\"application\/ld+json\" class=\"yoast-schema-graph\">{\"@context\":\"https:\/\/schema.org\",\"@graph\":[{\"@type\":\"WebPage\",\"@id\":\"https:\/\/envitic.pl\/index.php\/odpady-bdo\/\",\"url\":\"https:\/\/envitic.pl\/index.php\/odpady-bdo\/\",\"name\":\"Doradztwo w zakresie gospodarowania odpadami - ENVITIC - \u015brodowisko | OO\u015a | przyroda | GIS | odpady\",\"isPartOf\":{\"@id\":\"https:\/\/envitic.pl\/#website\"},\"datePublished\":\"2024-03-12T02:54:37+00:00\",\"dateModified\":\"2024-03-12T02:54:38+00:00\",\"breadcrumb\":{\"@id\":\"https:\/\/envitic.pl\/index.php\/odpady-bdo\/#breadcrumb\"},\"inLanguage\":\"pl-PL\",\"potentialAction\":[{\"@type\":\"ReadAction\",\"target\":[\"https:\/\/envitic.pl\/index.php\/odpady-bdo\/\"]}]},{\"@type\":\"BreadcrumbList\",\"@id\":\"https:\/\/envitic.pl\/index.php\/odpady-bdo\/#breadcrumb\",\"itemListElement\":[{\"@type\":\"ListItem\",\"position\":1,\"name\":\"Strona g\u0142\u00f3wna\",\"item\":\"https:\/\/envitic.pl\/\"},{\"@type\":\"ListItem\",\"position\":2,\"name\":\"Doradztwo w zakresie gospodarowania odpadami\"}]},{\"@type\":\"WebSite\",\"@id\":\"https:\/\/envitic.pl\/#website\",\"url\":\"https:\/\/envitic.pl\/\",\"name\":\"envitic.pl\",\"description\":\"Envitic Sp. z o.o. - kompleksowe us\u0142ugi w zakresie ochrony \u015brodowiska, przyrody, ocen oddzia\u0142ywania na \u015brodowisko, geoinformacji i doradztwa w zakresie gospodarowania odpadami oraz system&oacute;w ISO 14001, ISO 9001, ISO 45001.\",\"publisher\":{\"@id\":\"https:\/\/envitic.pl\/#organization\"},\"potentialAction\":[{\"@type\":\"SearchAction\",\"target\":{\"@type\":\"EntryPoint\",\"urlTemplate\":\"https:\/\/envitic.pl\/?s={search_term_string}\"},\"query-input\":\"required name=search_term_string\"}],\"inLanguage\":\"pl-PL\"},{\"@type\":\"Organization\",\"@id\":\"https:\/\/envitic.pl\/#organization\",\"name\":\"Envitic Sp. z o.o.\",\"url\":\"https:\/\/envitic.pl\/\",\"logo\":{\"@type\":\"ImageObject\",\"inLanguage\":\"pl-PL\",\"@id\":\"https:\/\/envitic.pl\/#\/schema\/logo\/image\/\",\"url\":\"https:\/\/envitic.pl\/wp-content\/uploads\/2024\/03\/logo_envitic_120pxh-e1710182982151.png\",\"contentUrl\":\"https:\/\/envitic.pl\/wp-content\/uploads\/2024\/03\/logo_envitic_120pxh-e1710182982151.png\",\"width\":242,\"height\":77,\"caption\":\"Envitic Sp. z o.o.\"},\"image\":{\"@id\":\"https:\/\/envitic.pl\/#\/schema\/logo\/image\/\"},\"sameAs\":[\"https:\/\/www.linkedin.com\/company\/envitic-spzoo\/\"]}]}<\/script>\n<!-- \/ Yoast SEO plugin. -->","yoast_head_json":{"title":"Doradztwo w zakresie gospodarowania odpadami - ENVITIC - \u015brodowisko | OO\u015a | przyroda | GIS | odpady","robots":{"index":"index","follow":"follow","max-snippet":"max-snippet:-1","max-image-preview":"max-image-preview:large","max-video-preview":"max-video-preview:-1"},"canonical":"https:\/\/envitic.pl\/index.php\/odpady-bdo\/","og_locale":"pl_PL","og_type":"article","og_title":"Doradztwo w zakresie gospodarowania odpadami - ENVITIC - \u015brodowisko | OO\u015a | przyroda | GIS | odpady","og_description":"Wspieramy klient\u00f3w w prowadzeniu bie\u017c\u0105cej ewidencji odpad\u00f3w oraz w obs\u0142udze systemu rz\u0105dowego Baza Danych o Odpadach (BDO), a tak\u017ce w przygotowaniu sprawozdawczo\u015bci w powy\u017cszym zakresie.","og_url":"https:\/\/envitic.pl\/index.php\/odpady-bdo\/","og_site_name":"ENVITIC - \u015brodowisko | OO\u015a | przyroda | GIS | odpady","article_modified_time":"2024-03-12T02:54:38+00:00","twitter_card":"summary_large_image","twitter_misc":{"Szacowany czas czytania":"1 minuta"},"schema":{"@context":"https:\/\/schema.org","@graph":[{"@type":"WebPage","@id":"https:\/\/envitic.pl\/index.php\/odpady-bdo\/","url":"https:\/\/envitic.pl\/index.php\/odpady-bdo\/","name":"Doradztwo w zakresie gospodarowania odpadami - ENVITIC - \u015brodowisko | OO\u015a | przyroda | GIS | odpady","isPartOf":{"@id":"https:\/\/envitic.pl\/#website"},"datePublished":"2024-03-12T02:54:37+00:00","dateModified":"2024-03-12T02:54:38+00:00","breadcrumb":{"@id":"https:\/\/envitic.pl\/index.php\/odpady-bdo\/#breadcrumb"},"inLanguage":"pl-PL","potentialAction":[{"@type":"ReadAction","target":["https:\/\/envitic.pl\/index.php\/odpady-bdo\/"]}]},{"@type":"BreadcrumbList","@id":"https:\/\/envitic.pl\/index.php\/odpady-bdo\/#breadcrumb","itemListElement":[{"@type":"ListItem","position":1,"name":"Strona g\u0142\u00f3wna","item":"https:\/\/envitic.pl\/"},{"@type":"ListItem","position":2,"name":"Doradztwo w zakresie gospodarowania odpadami"}]},{"@type":"WebSite","@id":"https:\/\/envitic.pl\/#website","url":"https:\/\/envitic.pl\/","name":"envitic.pl","description":"Envitic Sp. z o.o. - kompleksowe us\u0142ugi w zakresie ochrony \u015brodowiska, przyrody, ocen oddzia\u0142ywania na \u015brodowisko, geoinformacji i doradztwa w zakresie gospodarowania odpadami oraz system&oacute;w ISO 14001, ISO 9001, ISO 45001.","publisher":{"@id":"https:\/\/envitic.pl\/#organization"},"potentialAction":[{"@type":"SearchAction","target":{"@type":"EntryPoint","urlTemplate":"https:\/\/envitic.pl\/?s={search_term_string}"},"query-input":"required name=search_term_string"}],"inLanguage":"pl-PL"},{"@type":"Organization","@id":"https:\/\/envitic.pl\/#organization","name":"Envitic Sp. z o.o.","url":"https:\/\/envitic.pl\/","logo":{"@type":"ImageObject","inLanguage":"pl-PL","@id":"https:\/\/envitic.pl\/#\/schema\/logo\/image\/","url":"https:\/\/envitic.pl\/wp-content\/uploads\/2024\/03\/logo_envitic_120pxh-e1710182982151.png","contentUrl":"https:\/\/envitic.pl\/wp-content\/uploads\/2024\/03\/logo_envitic_120pxh-e1710182982151.png","width":242,"height":77,"caption":"Envitic Sp. z o.o."},"image":{"@id":"https:\/\/envitic.pl\/#\/schema\/logo\/image\/"},"sameAs":["https:\/\/www.linkedin.com\/company\/envitic-spzoo\/"]}]}},"_links":{"self":[{"href":"https:\/\/envitic.pl\/index.php\/wp-json\/wp\/v2\/pages\/26"}],"collection":[{"href":"https:\/\/envitic.pl\/index.php\/wp-json\/wp\/v2\/pages"}],"about":[{"href":"https:\/\/envitic.pl\/index.php\/wp-json\/wp\/v2\/types\/page"}],"author":[{"embeddable":true,"href":"https:\/\/envitic.pl\/index.php\/wp-json\/wp\/v2\/users\/2"}],"replies":[{"embeddable":true,"href":"https:\/\/envitic.pl\/index.php\/wp-json\/wp\/v2\/comments?post=26"}],"version-history":[{"count":2,"href":"https:\/\/envitic.pl\/index.php\/wp-json\/wp\/v2\/pages\/26\/revisions"}],"predecessor-version":[{"id":1525,"href":"https:\/\/envitic.pl\/index.php\/wp-json\/wp\/v2\/pages\/26\/revisions\/1525"}],"wp:attachment":[{"href":"https:\/\/envitic.pl\/index.php\/wp-json\/wp\/v2\/media?parent=26"}],"curies":[{"name":"wp","href":"https:\/\/api.w.org\/{rel}","templated":true}]}}